{"id":34,"date":"2010-11-20T21:21:09","date_gmt":"2010-11-20T21:21:09","guid":{"rendered":"http:\/\/dundee.dol-amroth.de\/?page_id=34"},"modified":"2015-12-27T12:15:40","modified_gmt":"2015-12-27T12:15:40","slug":"stadion","status":"publish","type":"page","link":"https:\/\/dundee.dol-amroth.de\/?page_id=34","title":{"rendered":"Stadion"},"content":{"rendered":"<p>Tannadice Park ist ein Stadion in der namensgebenden Tannadice Street im schottischen Dundee. Das 14.223 Zuschauer fassende Stadion ist das Heimatstadion des Fu\u00dfballvereins Dundee United.<\/p>\n<p>Aktueller AO-Ausbaustand des Tannadice Park: <strong>30.000 Pl\u00e4tze<\/strong><\/p>\n<p><a href=\"http:\/\/dundee.dol-amroth.de\/wp-content\/uploads\/2010\/11\/dundee-stadion.jpg\"><img loading=\"lazy\" decoding=\"async\" class=\"alignnone size-full wp-image-40\" title=\"dundee-stadion\" src=\"http:\/\/dundee.dol-amroth.de\/wp-content\/uploads\/2010\/11\/dundee-stadion.jpg\" alt=\"\" width=\"604\" height=\"452\" srcset=\"https:\/\/dundee.dol-amroth.de\/wp-content\/uploads\/2010\/11\/dundee-stadion.jpg 604w, https:\/\/dundee.dol-amroth.de\/wp-content\/uploads\/2010\/11\/dundee-stadion-300x224.jpg 300w\" sizes=\"(max-width: 604px) 100vw, 604px\" \/><\/a><\/p>\n<p><strong>Geschichte <\/strong><br \/>\nDas Gebiet des heutigen Stadions wurde bereits Ende der 1870er von dem Fu\u00dfballverein East End F.C., der sp\u00e4ter ein Gr\u00fcndungsmitglied von Dundee United wurde, unter dem Namen Clepington Park genutzt. Nach der Gr\u00fcndung von Dundee United wurde an diesem Ort ein neues Stadion errichtet und im Jahr 1909 in Betrieb genommen. Eine komplette Renovierung erlebte das Stadion in den Jahren 1992 bis 1997.<\/p>\n<p><a href=\"http:\/\/dundee.dol-amroth.de\/wp-content\/uploads\/2010\/11\/Dundee-United-Tannadice-Park1.jpg\"><img loading=\"lazy\" decoding=\"async\" class=\"alignnone size-full wp-image-38\" title=\"Dundee-United-Tannadice-Park\" src=\"http:\/\/dundee.dol-amroth.de\/wp-content\/uploads\/2010\/11\/Dundee-United-Tannadice-Park1.jpg\" alt=\"\" width=\"800\" height=\"600\" srcset=\"https:\/\/dundee.dol-amroth.de\/wp-content\/uploads\/2010\/11\/Dundee-United-Tannadice-Park1.jpg 800w, https:\/\/dundee.dol-amroth.de\/wp-content\/uploads\/2010\/11\/Dundee-United-Tannadice-Park1-300x225.jpg 300w\" sizes=\"(max-width: 800px) 100vw, 800px\" \/><\/a><\/p>\n","protected":false},"excerpt":{"rendered":"<p>Tannadice Park ist ein Stadion in der namensgebenden Tannadice Street im schottischen Dundee. Das 14.223 Zuschauer fassende Stadion ist das Heimatstadion des Fu\u00dfballvereins Dundee United. Aktueller AO-Ausbaustand des Tannadice Park: 30.000 Pl\u00e4tze Geschichte Das Gebiet des heutigen Stadions wurde bereits &hellip; <a href=\"https:\/\/dundee.dol-amroth.de\/?page_id=34\">Weiterlesen <span class=\"meta-nav\">&rarr;<\/span><\/a><\/p>\n","protected":false},"author":1,"featured_media":0,"parent":0,"menu_order":0,"comment_status":"closed","ping_status":"open","template":"","meta":{"ngg_post_thumbnail":0,"footnotes":""},"_links":{"self":[{"href":"https:\/\/dundee.dol-amroth.de\/index.php?rest_route=\/wp\/v2\/pages\/34"}],"collection":[{"href":"https:\/\/dundee.dol-amroth.de\/index.php?rest_route=\/wp\/v2\/pages"}],"about":[{"href":"https:\/\/dundee.dol-amroth.de\/index.php?rest_route=\/wp\/v2\/types\/page"}],"author":[{"embeddable":true,"href":"https:\/\/dundee.dol-amroth.de\/index.php?rest_route=\/wp\/v2\/users\/1"}],"replies":[{"embeddable":true,"href":"https:\/\/dundee.dol-amroth.de\/index.php?rest_route=%2Fwp%2Fv2%2Fcomments&post=34"}],"version-history":[{"count":10,"href":"https:\/\/dundee.dol-amroth.de\/index.php?rest_route=\/wp\/v2\/pages\/34\/revisions"}],"predecessor-version":[{"id":1058,"href":"https:\/\/dundee.dol-amroth.de\/index.php?rest_route=\/wp\/v2\/pages\/34\/revisions\/1058"}],"wp:attachment":[{"href":"https:\/\/dundee.dol-amroth.de\/index.php?rest_route=%2Fwp%2Fv2%2Fmedia&parent=34"}],"curies":[{"name":"wp","href":"https:\/\/api.w.org\/{rel}","templated":true}]}}