{"id":62,"date":"2010-11-21T20:30:47","date_gmt":"2010-11-21T20:30:47","guid":{"rendered":"http:\/\/dundee.dol-amroth.de\/?page_id=62"},"modified":"2010-11-21T20:30:47","modified_gmt":"2010-11-21T20:30:47","slug":"kader-0203","status":"publish","type":"page","link":"https:\/\/dundee.dol-amroth.de\/?page_id=62","title":{"rendered":"Kader 02\/03"},"content":{"rendered":"<p><strong>Kader 02\/03<\/strong><\/p>\n<table style=\"height: 900px;\" width=\"90%&quot;\">\n<tbody>\n<tr>\n<th>Nachname<\/th>\n<th>Vorname<\/th>\n<th>Idealpos<\/th>\n<th>Nat.<\/th>\n<th>St\u00e4rke<\/th>\n<th>Alter<\/th>\n<\/tr>\n<tr height=\"17\">\n<td height=\"17\">Cumbe<\/td>\n<td width=\"80\">Alan<\/td>\n<td width=\"80\">TW<\/td>\n<td>Scotland<\/td>\n<td width=\"80\">9<\/td>\n<td width=\"80\">28<\/td>\n<\/tr>\n<tr height=\"17\">\n<td height=\"17\">Onsted (*)<\/td>\n<td width=\"80\">Pat<\/td>\n<td width=\"80\">TW<\/td>\n<td>England<\/td>\n<td width=\"80\">7<\/td>\n<td width=\"80\">32<\/td>\n<\/tr>\n<tr height=\"17\">\n<td height=\"17\">St\u00e4ckler<\/td>\n<td width=\"80\">Christoph<\/td>\n<td width=\"80\">MD<\/td>\n<td>\u00d6sterreich<\/td>\n<td width=\"80\">8 (+)<\/td>\n<td width=\"80\">22<\/td>\n<\/tr>\n<tr height=\"17\">\n<td height=\"17\">Petterson<\/td>\n<td width=\"80\">Darren<\/td>\n<td width=\"80\">MD, LIB<\/td>\n<td width=\"80\">Nordirland<\/td>\n<td width=\"80\">8<\/td>\n<td width=\"80\">33<\/td>\n<\/tr>\n<tr height=\"17\">\n<td height=\"17\">Munk<\/td>\n<td width=\"80\">Garry<\/td>\n<td width=\"80\">MD<\/td>\n<td>England<\/td>\n<td width=\"80\">3<\/td>\n<td width=\"80\">23<\/td>\n<\/tr>\n<tr>\n<td>Gellagher<\/td>\n<td>Stephen<\/td>\n<td>MD<\/td>\n<td>England<\/td>\n<td>3<\/td>\n<td>21<\/td>\n<\/tr>\n<tr height=\"17\">\n<td height=\"17\">Jinkins<\/td>\n<td width=\"80\">Iain<\/td>\n<td width=\"80\">LV, RV<\/td>\n<td width=\"80\">Nordirland<\/td>\n<td width=\"80\">9<\/td>\n<td width=\"80\">30<\/td>\n<\/tr>\n<tr height=\"17\">\n<td height=\"17\">Pescual<\/td>\n<td width=\"80\">Bernard<\/td>\n<td width=\"80\">LV, ZM<\/td>\n<td width=\"80\">Frankreich<\/td>\n<td width=\"80\">8 (-)<\/td>\n<td width=\"80\">35<\/td>\n<\/tr>\n<tr height=\"17\">\n<td height=\"17\">Fataki<\/td>\n<td width=\"80\">Kriszti\u00e1n<\/td>\n<td width=\"80\">RV<\/td>\n<td>Ungarn<\/td>\n<td width=\"80\">6 (+)<\/td>\n<td width=\"80\">24<\/td>\n<\/tr>\n<tr height=\"17\">\n<td height=\"17\">Hern\u00e1ndez M.<\/td>\n<td width=\"80\">Pedro<\/td>\n<td width=\"80\">RV, RM<\/td>\n<td width=\"80\">Spanien<\/td>\n<td width=\"80\">4<\/td>\n<td width=\"80\">24<\/td>\n<\/tr>\n<tr height=\"17\">\n<td height=\"17\">Climence<\/td>\n<td width=\"80\">Stephen<\/td>\n<td width=\"80\">LM<\/td>\n<td>England<\/td>\n<td width=\"80\">7<\/td>\n<td width=\"80\">24<\/td>\n<\/tr>\n<tr height=\"17\">\n<td height=\"17\">McCalloch<\/td>\n<td width=\"80\">Scott<\/td>\n<td width=\"80\">LM, ZM<\/td>\n<td width=\"80\">Scotland<\/td>\n<td width=\"80\">5<\/td>\n<td width=\"80\">27<\/td>\n<\/tr>\n<tr height=\"17\">\n<td height=\"17\">Carren<\/td>\n<td width=\"80\">Lee<\/td>\n<td width=\"80\">LM<\/td>\n<td>England<\/td>\n<td width=\"80\">4 (+)<\/td>\n<td width=\"80\">20<\/td>\n<\/tr>\n<tr height=\"17\">\n<td height=\"17\">Vinetis<\/td>\n<td width=\"80\">Anastasios<\/td>\n<td width=\"80\">LM<\/td>\n<td>Griechenland<\/td>\n<td width=\"80\">3<\/td>\n<td width=\"80\">22<\/td>\n<\/tr>\n<tr height=\"17\">\n<td height=\"17\">Eeston<\/td>\n<td width=\"80\">Craig<\/td>\n<td width=\"80\">RM, ZM<\/td>\n<td width=\"80\">Scotland<\/td>\n<td width=\"80\">8<\/td>\n<td width=\"80\">23<\/td>\n<\/tr>\n<tr height=\"17\">\n<td height=\"17\">Skuldmark<\/td>\n<td width=\"80\">Magnus<\/td>\n<td width=\"80\">RM<\/td>\n<td>Schweden<\/td>\n<td width=\"80\">7 (-)<\/td>\n<td width=\"80\">34<\/td>\n<\/tr>\n<tr height=\"17\">\n<td height=\"17\">Wesson<\/td>\n<td width=\"80\">Steve<\/td>\n<td width=\"80\">RM<\/td>\n<td>England<\/td>\n<td width=\"80\">1<\/td>\n<td width=\"80\">17<\/td>\n<\/tr>\n<tr height=\"17\">\n<td height=\"17\">Tilesnikov<\/td>\n<td width=\"80\">Jan<\/td>\n<td width=\"80\">ZM, RM<\/td>\n<td width=\"80\">Israel<\/td>\n<td width=\"80\">9<\/td>\n<td width=\"80\">30<\/td>\n<\/tr>\n<tr height=\"17\">\n<td height=\"17\">Smoth<\/td>\n<td width=\"80\">Tony<\/td>\n<td width=\"80\">ZM, LM<\/td>\n<td width=\"80\">Scotland<\/td>\n<td width=\"80\">8<\/td>\n<td width=\"80\">29<\/td>\n<\/tr>\n<tr height=\"17\">\n<td height=\"17\">Wonters<\/td>\n<td width=\"80\">David<\/td>\n<td width=\"80\">ZM<\/td>\n<td>England<\/td>\n<td width=\"80\">4 (+)<\/td>\n<td width=\"80\">20<\/td>\n<\/tr>\n<tr height=\"17\">\n<td height=\"17\">Daff<\/td>\n<td width=\"80\">Stuart<\/td>\n<td width=\"80\">ZM<\/td>\n<td>England<\/td>\n<td width=\"80\">3<\/td>\n<td width=\"80\">21<\/td>\n<\/tr>\n<tr height=\"17\">\n<td height=\"17\">Moddleton<\/td>\n<td width=\"80\">Gary<\/td>\n<td width=\"80\">ZM<\/td>\n<td>England<\/td>\n<td width=\"80\">3<\/td>\n<td width=\"80\">20<\/td>\n<\/tr>\n<tr height=\"17\">\n<td height=\"17\">Brace<\/td>\n<td width=\"80\">James<\/td>\n<td width=\"80\">ZM<\/td>\n<td>England<\/td>\n<td width=\"80\">3<\/td>\n<td width=\"80\">22<\/td>\n<\/tr>\n<tr>\n<td>Kuzniku<\/td>\n<td>Adrian<\/td>\n<td>ST<\/td>\n<td>Kroatien<\/td>\n<td>8<\/td>\n<td>35<\/td>\n<\/tr>\n<tr height=\"17\">\n<td height=\"17\">Thumpson<\/td>\n<td width=\"80\">Steven<\/td>\n<td width=\"80\">ST<\/td>\n<td>Scotland<\/td>\n<td width=\"80\">7<\/td>\n<td width=\"80\">24<\/td>\n<\/tr>\n<tr height=\"17\">\n<td height=\"17\">Firraz<\/td>\n<td width=\"80\">Joaquim<\/td>\n<td width=\"80\">ST<\/td>\n<td>Portugal<\/td>\n<td width=\"80\">7<\/td>\n<td width=\"80\">28<\/td>\n<\/tr>\n<tr height=\"17\">\n<td height=\"17\">Starrock<\/td>\n<td width=\"80\">Blair<\/td>\n<td width=\"80\">ST<\/td>\n<td>Scotland<\/td>\n<td width=\"80\">3<\/td>\n<td width=\"80\">21<\/td>\n<\/tr>\n<tr height=\"17\">\n<td height=\"17\">Txertudi<\/td>\n<td width=\"80\">Marcos<\/td>\n<td width=\"80\">ST, RM<\/td>\n<td width=\"80\">Spanien<\/td>\n<td width=\"80\">2<\/td>\n<td width=\"80\">18<\/td>\n<\/tr>\n<\/tbody>\n<\/table>\n","protected":false},"excerpt":{"rendered":"<p>Kader 02\/03 Nachname Vorname Idealpos Nat. St\u00e4rke Alter Cumbe Alan TW Scotland 9 28 Onsted (*) Pat TW England 7 32 St\u00e4ckler Christoph MD \u00d6sterreich 8 (+) 22 Petterson Darren MD, LIB Nordirland 8 33 Munk Garry MD England 3 &hellip; <a href=\"https:\/\/dundee.dol-amroth.de\/?page_id=62\">Weiterlesen <span class=\"meta-nav\">&rarr;<\/span><\/a><\/p>\n","protected":false},"author":1,"featured_media":0,"parent":2,"menu_order":0,"comment_status":"closed","ping_status":"open","template":"","meta":{"ngg_post_thumbnail":0,"footnotes":""},"_links":{"self":[{"href":"https:\/\/dundee.dol-amroth.de\/index.php?rest_route=\/wp\/v2\/pages\/62"}],"collection":[{"href":"https:\/\/dundee.dol-amroth.de\/index.php?rest_route=\/wp\/v2\/pages"}],"about":[{"href":"https:\/\/dundee.dol-amroth.de\/index.php?rest_route=\/wp\/v2\/types\/page"}],"author":[{"embeddable":true,"href":"https:\/\/dundee.dol-amroth.de\/index.php?rest_route=\/wp\/v2\/users\/1"}],"replies":[{"embeddable":true,"href":"https:\/\/dundee.dol-amroth.de\/index.php?rest_route=%2Fwp%2Fv2%2Fcomments&post=62"}],"version-history":[{"count":4,"href":"https:\/\/dundee.dol-amroth.de\/index.php?rest_route=\/wp\/v2\/pages\/62\/revisions"}],"predecessor-version":[{"id":66,"href":"https:\/\/dundee.dol-amroth.de\/index.php?rest_route=\/wp\/v2\/pages\/62\/revisions\/66"}],"up":[{"embeddable":true,"href":"https:\/\/dundee.dol-amroth.de\/index.php?rest_route=\/wp\/v2\/pages\/2"}],"wp:attachment":[{"href":"https:\/\/dundee.dol-amroth.de\/index.php?rest_route=%2Fwp%2Fv2%2Fmedia&parent=62"}],"curies":[{"name":"wp","href":"https:\/\/api.w.org\/{rel}","templated":true}]}}